{"id":4239,"date":"2020-08-30T18:52:59","date_gmt":"2020-08-30T21:52:59","guid":{"rendered":"https:\/\/theroxy.com.ar\/?page_id=4239"},"modified":"2020-09-02T14:12:55","modified_gmt":"2020-09-02T17:12:55","slug":"kit-para-distribuidores","status":"publish","type":"page","link":"https:\/\/theroxy.com.ar\/index.php\/kit-para-distribuidores\/","title":{"rendered":"Kit para distribuidores"},"content":{"rendered":"<p>[et_pb_section fb_built=&#8221;1&#8243; _builder_version=&#8221;4.6.0&#8243; _module_preset=&#8221;default&#8221;][et_pb_row column_structure=&#8221;2_5,3_5&#8243; use_custom_gutter=&#8221;on&#8221; gutter_width=&#8221;1&#8243; _builder_version=&#8221;4.6.0&#8243; _module_preset=&#8221;default&#8221;][et_pb_column type=&#8221;2_5&#8243; _builder_version=&#8221;4.6.0&#8243; _module_preset=&#8221;default&#8221;][et_pb_image src=&#8221;https:\/\/theroxy.com.ar\/wp-content\/uploads\/2020\/08\/instagram-the-roxy-distribuidores.png&#8221; title_text=&#8221;instagram the roxy distribuidores&#8221; align=&#8221;center&#8221; align_tablet=&#8221;center&#8221; align_phone=&#8221;&#8221; align_last_edited=&#8221;on|phone&#8221; _builder_version=&#8221;4.6.0&#8243; _module_preset=&#8221;default&#8221; width=&#8221;75%&#8221; border_width_all=&#8221;1px&#8221; border_color_all=&#8221;#000000&#8243;][\/et_pb_image][\/et_pb_column][et_pb_column type=&#8221;3_5&#8243; _builder_version=&#8221;4.6.0&#8243; _module_preset=&#8221;default&#8221;][et_pb_text _builder_version=&#8221;4.6.0&#8243; _module_preset=&#8221;default&#8221; header_2_font=&#8221;The roxy 2||||||||&#8221; header_2_font_size=&#8221;50px&#8221; custom_margin=&#8221;150px||||false|false&#8221; custom_margin_tablet=&#8221;50px||||false|false&#8221; custom_margin_phone=&#8221;&#8221; custom_margin_last_edited=&#8221;on|phone&#8221;]<\/p>\n<h2 style=\"text-align: left;\">Kit de redes sociales para distribuidores<\/h2>\n<p>[\/et_pb_text][et_pb_text _builder_version=&#8221;4.6.0&#8243; _module_preset=&#8221;default&#8221; text_font_size=&#8221;15px&#8221; custom_margin=&#8221;20px||||false|false&#8221; custom_margin_tablet=&#8221;&#8221; custom_margin_phone=&#8221;&#8221; custom_margin_last_edited=&#8221;on|desktop&#8221;]<\/p>\n<p>Para ayudar a nuestros distribuidores, hemos dise\u00f1ado un kit de herramientas para que puedan gestionar sus redes sociales de manera m\u00e1s r\u00e1pida y facil.<\/p>\n<p>Te pedimos que leas la informaci\u00f3n y apliques las reglas generales de The Roxy para generar una homogeneidad de marca en todo momento<\/p>\n<p>[\/et_pb_text][\/et_pb_column][\/et_pb_row][et_pb_row _builder_version=&#8221;4.6.0&#8243; _module_preset=&#8221;default&#8221;][et_pb_column type=&#8221;4_4&#8243; _builder_version=&#8221;4.6.0&#8243; _module_preset=&#8221;default&#8221;][et_pb_blurb title=&#8221;Subir Stories&#8221; use_icon=&#8221;on&#8221; font_icon=&#8221;%%151%%&#8221; icon_color=&#8221;#e02b20&#8243; icon_placement=&#8221;left&#8221; _builder_version=&#8221;4.6.0&#8243; _module_preset=&#8221;default&#8221; custom_margin=&#8221;0px||||false|false&#8221; custom_margin_tablet=&#8221;&#8221; custom_margin_phone=&#8221;&#8221; custom_margin_last_edited=&#8221;on|desktop&#8221; hover_enabled=&#8221;0&#8243; sticky_enabled=&#8221;0&#8243;]<\/p>\n<p>Creamos un filtro de Stories para instagram para que puedas subir fotos m\u00e1s llamativas, prolijas y que impacten a tu cliente.<\/p>\n<p>Usalo haciendo <a href=\"https:\/\/www.instagram.com\/ar\/2591172874528845\/?ch=NTRlOTllMzAzNDU3MzI4YjNiYjA2N2ZiYWYwOGFhZTk%3D\">click ac\u00e1<\/a><\/p>\n<p>Te recomendamos trabajar los productos sobre fondo blanco. Siempre usa la tipografia de instagram numero 6 (de derecha a izquierda) y los colores rojo y negro. Te dejamos un mini video para que veas como hacerlo.<\/p>\n<p>(si por algun motivo no te deja subirlo, sacale una captura y subilo como imagen)<\/p>\n<p>[\/et_pb_blurb][et_pb_video src=&#8221;https:\/\/theroxy.com.ar\/wp-content\/uploads\/2020\/09\/WhatsApp-Video-2020-09-02-at-13.46.42.mp4&#8243; _builder_version=&#8221;4.6.0&#8243; _module_preset=&#8221;default&#8221; width=&#8221;25%&#8221; module_alignment=&#8221;center&#8221; custom_margin=&#8221;30px||||false|false&#8221; custom_margin_tablet=&#8221;&#8221; custom_margin_phone=&#8221;&#8221; custom_margin_last_edited=&#8221;on|desktop&#8221; hover_enabled=&#8221;0&#8243; thumbnail_overlay_color=&#8221;rgba(0,0,0,0.6)&#8221; sticky_enabled=&#8221;0&#8243;][\/et_pb_video][et_pb_blurb title=&#8221;Descargar im\u00e1genes&#8221; use_icon=&#8221;on&#8221; font_icon=&#8221;%%151%%&#8221; icon_color=&#8221;#e02b20&#8243; icon_placement=&#8221;left&#8221; _builder_version=&#8221;4.6.0&#8243; _module_preset=&#8221;default&#8221; custom_margin=&#8221;70px||||false|false&#8221;]<\/p>\n<p>Para descargar nuestras imagenes para Facebook e Instagram, desde un celular, hace click en la imagen y mantene apretado sobre la misma hasta que aparezca el mensaje &#8220;guardar en foto&#8221;.<\/p>\n<p>[\/et_pb_blurb][et_pb_blurb title=&#8221;Escribir la descripci\u00f3n&#8221; use_icon=&#8221;on&#8221; font_icon=&#8221;%%151%%&#8221; icon_color=&#8221;#e02b20&#8243; icon_placement=&#8221;left&#8221; _builder_version=&#8221;4.6.0&#8243; _module_preset=&#8221;default&#8221; custom_margin=&#8221;70px||||false|false&#8221;]<\/p>\n<p>Te pedimos que lo hagas de la siguiente manera:<\/p>\n<p>&#8211; No utilices vocabulario vulgar ni inapropiado<\/p>\n<p>&#8211; Si vas a publicar el precio del producto, te recomendamos poner la fecha aclarada.<\/p>\n<p>&#8211; Utiliza #hashtag para llegar a mas personas. Te pedimos que siempre nos etiquetes en @theroxy_oficial<\/p>\n<p>[\/et_pb_blurb][\/et_pb_column][\/et_pb_row][et_pb_row _builder_version=&#8221;4.6.0&#8243; _module_preset=&#8221;default&#8221; custom_padding=&#8221;||8px|||&#8221;][et_pb_column type=&#8221;4_4&#8243; _builder_version=&#8221;4.6.0&#8243; _module_preset=&#8221;default&#8221;][et_pb_image src=&#8221;https:\/\/theroxy.com.ar\/wp-content\/uploads\/2020\/08\/descarga.png&#8221; title_text=&#8221;descarga&#8221; align=&#8221;center&#8221; _builder_version=&#8221;4.6.0&#8243; _module_preset=&#8221;default&#8221;][\/et_pb_image][\/et_pb_column][\/et_pb_row][et_pb_row _builder_version=&#8221;4.6.0&#8243; _module_preset=&#8221;default&#8221;][et_pb_column type=&#8221;4_4&#8243; _builder_version=&#8221;4.6.0&#8243; _module_preset=&#8221;default&#8221;][et_pb_gallery gallery_ids=&#8221;4261,4260,4259,4258,4257,4256,4264,4263,4262,4266,4267,4268,4269,4270,4271,4272,4273,4274,4275,4276,4277,4278,4279&#8243; posts_number=&#8221;100&#8243; show_title_and_caption=&#8221;off&#8221; show_pagination=&#8221;off&#8221; _builder_version=&#8221;4.6.0&#8243; _module_preset=&#8221;default&#8221; hover_enabled=&#8221;0&#8243; caption_font_size=&#8221;0px&#8221; title_font_size=&#8221;0px&#8221; sticky_enabled=&#8221;0&#8243;][\/et_pb_gallery][\/et_pb_column][\/et_pb_row][\/et_pb_section]<\/p>\n","protected":false},"excerpt":{"rendered":"<p>Kit de redes sociales para distribuidoresPara ayudar a nuestros distribuidores, hemos dise\u00f1ado un kit de herramientas para que puedan gestionar sus redes sociales de manera m\u00e1s r\u00e1pida y facil. Te pedimos que leas la informaci\u00f3n y apliques las reglas generales de The Roxy para generar una homogeneidad de marca en todo momentoCreamos un filtro de [&hellip;]<\/p>\n","protected":false},"author":1,"featured_media":0,"parent":0,"menu_order":0,"comment_status":"closed","ping_status":"closed","template":"","meta":{"_et_pb_use_builder":"on","_et_pb_old_content":"<!-- wp:divi\/placeholder \/-->","_et_gb_content_width":"","footnotes":""},"class_list":["post-4239","page","type-page","status-publish","hentry"],"_links":{"self":[{"href":"https:\/\/theroxy.com.ar\/index.php\/wp-json\/wp\/v2\/pages\/4239","targetHints":{"allow":["GET"]}}],"collection":[{"href":"https:\/\/theroxy.com.ar\/index.php\/wp-json\/wp\/v2\/pages"}],"about":[{"href":"https:\/\/theroxy.com.ar\/index.php\/wp-json\/wp\/v2\/types\/page"}],"author":[{"embeddable":true,"href":"https:\/\/theroxy.com.ar\/index.php\/wp-json\/wp\/v2\/users\/1"}],"replies":[{"embeddable":true,"href":"https:\/\/theroxy.com.ar\/index.php\/wp-json\/wp\/v2\/comments?post=4239"}],"version-history":[{"count":18,"href":"https:\/\/theroxy.com.ar\/index.php\/wp-json\/wp\/v2\/pages\/4239\/revisions"}],"predecessor-version":[{"id":4300,"href":"https:\/\/theroxy.com.ar\/index.php\/wp-json\/wp\/v2\/pages\/4239\/revisions\/4300"}],"wp:attachment":[{"href":"https:\/\/theroxy.com.ar\/index.php\/wp-json\/wp\/v2\/media?parent=4239"}],"curies":[{"name":"wp","href":"https:\/\/api.w.org\/{rel}","templated":true}]}}