{"id":4978,"date":"2024-06-26T18:10:09","date_gmt":"2024-06-26T21:10:09","guid":{"rendered":"https:\/\/theroxy.com.ar\/?page_id=4978"},"modified":"2025-06-04T06:52:13","modified_gmt":"2025-06-04T09:52:13","slug":"nosotros-2","status":"publish","type":"page","link":"https:\/\/theroxy.com.ar\/index.php\/nosotros-2\/","title":{"rendered":"Nosotros"},"content":{"rendered":"<p>[et_pb_section fb_built=&#8221;1&#8243; _builder_version=&#8221;4.25.2&#8243; _module_preset=&#8221;default&#8221; custom_padding=&#8221;40px||40px||true|&#8221; global_colors_info=&#8221;{}&#8221;][et_pb_row column_structure=&#8221;1_3,1_3,1_3&#8243; _builder_version=&#8221;4.27.2&#8243; _module_preset=&#8221;default&#8221; width=&#8221;90%&#8221; max_width=&#8221;100%&#8221; global_colors_info=&#8221;{}&#8221;][et_pb_column type=&#8221;1_3&#8243; _builder_version=&#8221;4.25.2&#8243; _module_preset=&#8221;default&#8221; global_colors_info=&#8221;{}&#8221;][et_pb_text _builder_version=&#8221;4.27.2&#8243; _module_preset=&#8221;default&#8221; text_font=&#8221;The roxy 2|100|on||||||&#8221; text_text_color=&#8221;#FFFFFF&#8221; text_font_size=&#8221;60px&#8221; text_line_height=&#8221;1.1em&#8221; background_color=&#8221;#e10918&#8243; custom_margin=&#8221;3vw||||false|false&#8221; custom_margin_tablet=&#8221;|||130px|false|false&#8221; custom_margin_phone=&#8221;|||0px|false|false&#8221; custom_margin_last_edited=&#8221;on|phone&#8221; custom_padding=&#8221;12px||12px||true|false&#8221; text_font_size_tablet=&#8221;60px&#8221; text_font_size_phone=&#8221;40px&#8221; text_font_size_last_edited=&#8221;on|phone&#8221; global_colors_info=&#8221;{}&#8221;]<\/p>\n<p style=\"text-align: center;\">\u00a1 Vos ya nos conoc\u00e9s!<\/p>\n<p>[\/et_pb_text][\/et_pb_column][et_pb_column type=&#8221;1_3&#8243; _builder_version=&#8221;4.25.2&#8243; _module_preset=&#8221;default&#8221; global_colors_info=&#8221;{}&#8221;][et_pb_text _builder_version=&#8221;4.25.2&#8243; _module_preset=&#8221;default&#8221; text_font=&#8221;Poppins||||||||&#8221; text_font_size=&#8221;16px&#8221; header_3_font=&#8221;Poppins|700|on||||||&#8221; custom_margin=&#8221;3vw||||false|false&#8221; global_colors_info=&#8221;{}&#8221;]<\/p>\n<h3>Somos un proveedor integral<\/h3>\n<p>Te ofrecemos productos de calidad e insumos que te ayuden a dar una oferta atractiva a tus clientes.<\/p>\n<p>[\/et_pb_text][\/et_pb_column][et_pb_column type=&#8221;1_3&#8243; _builder_version=&#8221;4.25.2&#8243; _module_preset=&#8221;default&#8221; global_colors_info=&#8221;{}&#8221;][et_pb_button button_url=&#8221;https:\/\/theroxy.com.ar\/index.php\/campana\/&#8221; button_text=&#8221;Ver propuesta&#8221; button_alignment=&#8221;center&#8221; _builder_version=&#8221;4.25.2&#8243; _module_preset=&#8221;default&#8221; custom_button=&#8221;on&#8221; button_text_color=&#8221;gcid-2f89c189-a060-41a4-ac50-ca6657ee29a8&#8243; button_bg_color=&#8221;#FFFFFF&#8221; button_border_width=&#8221;0px&#8221; button_border_radius=&#8221;0px&#8221; button_font=&#8221;Poppins|700|on|on|||||&#8221; button_icon=&#8221;&#x24;||divi||400&#8243; button_on_hover=&#8221;off&#8221; custom_padding=&#8221;4vw||||false|false&#8221; global_colors_info=&#8221;{%22gcid-2f89c189-a060-41a4-ac50-ca6657ee29a8%22:%91%22button_text_color%22%93}&#8221;][\/et_pb_button][\/et_pb_column][\/et_pb_row][\/et_pb_section][et_pb_section fb_built=&#8221;1&#8243; _builder_version=&#8221;4.27.3&#8243; _module_preset=&#8221;default&#8221; background_enable_color=&#8221;off&#8221; background_enable_video_mp4=&#8221;off&#8221; width=&#8221;100%&#8221; custom_margin=&#8221;||||false|false&#8221; custom_padding=&#8221;2vw|0px|2vw||true|false&#8221; global_colors_info=&#8221;{%22gcid-2f89c189-a060-41a4-ac50-ca6657ee29a8%22:%91%22background_color%22%93}&#8221;][et_pb_row _builder_version=&#8221;4.27.4&#8243; _module_preset=&#8221;default&#8221; width=&#8221;90%&#8221; max_width=&#8221;100%&#8221; custom_padding=&#8221;0px|||||&#8221; global_colors_info=&#8221;{}&#8221;][et_pb_column type=&#8221;4_4&#8243; _builder_version=&#8221;4.27.4&#8243; _module_preset=&#8221;default&#8221; global_colors_info=&#8221;{}&#8221;][et_pb_code _builder_version=&#8221;4.27.4&#8243; _module_preset=&#8221;default&#8221; z_index=&#8221;0&#8243; hover_enabled=&#8221;0&#8243; global_colors_info=&#8221;{}&#8221; sticky_enabled=&#8221;0&#8243;]<iframe width=\"560\" height=\"315\" <!-- [et_pb_line_break_holder] -->        src=&#8221;https:\/\/www.youtube.com\/embed\/A-zfv2mNH6M?autoplay=1&#038;loop=1&#038;playlist=A-zfv2mNH6M&#038;mute=1&#038;controls=0&#8243; <!-- [et_pb_line_break_holder] -->        frameborder=&#8221;0&#8243; <!-- [et_pb_line_break_holder] -->        allow=&#8221;autoplay; encrypted-media&#8221; <!-- [et_pb_line_break_holder] -->        allowfullscreen><!-- [et_pb_line_break_holder] --><\/iframe><!-- [et_pb_line_break_holder] -->[\/et_pb_code][et_pb_text _builder_version=&#8221;4.27.4&#8243; _module_preset=&#8221;default&#8221; background_color=&#8221;RGBA(255,255,255,0)&#8221; positioning=&#8221;absolute&#8221; vertical_offset=&#8221;0px&#8221; horizontal_offset=&#8221;0px&#8221; z_index=&#8221;1&#8243; width=&#8221;100%&#8221; custom_margin=&#8221;0px||||false|false&#8221; custom_padding=&#8221;0px||847px||false|false&#8221; hover_enabled=&#8221;0&#8243; global_colors_info=&#8221;{}&#8221; sticky_enabled=&#8221;0&#8243;][\/et_pb_text][\/et_pb_column][\/et_pb_row][et_pb_row column_structure=&#8221;1_2,1_2&#8243; make_equal=&#8221;on&#8221; custom_padding_last_edited=&#8221;on|phone&#8221; _builder_version=&#8221;4.27.4&#8243; _module_preset=&#8221;default&#8221; background_enable_video_mp4=&#8221;off&#8221; width=&#8221;90%&#8221; max_width=&#8221;100%&#8221; custom_margin=&#8221;2vw|auto||auto|false|false&#8221; custom_margin_tablet=&#8221;&#8221; custom_margin_phone=&#8221;15vw||||false|false&#8221; custom_margin_last_edited=&#8221;on|phone&#8221; custom_padding=&#8221;3vw||3vw||true|false&#8221; custom_padding_tablet=&#8221;3vw||3vw||true|false&#8221; custom_padding_phone=&#8221;10vw||10vw||true|false&#8221; border_radii=&#8221;off||||&#8221; border_color_all=&#8221;gcid-2f89c189-a060-41a4-ac50-ca6657ee29a8&#8243; global_colors_info=&#8221;{%22gcid-2f89c189-a060-41a4-ac50-ca6657ee29a8%22:%91%22border_color_all%22%93}&#8221;][et_pb_column type=&#8221;1_2&#8243; _builder_version=&#8221;4.27.0&#8243; _module_preset=&#8221;default&#8221; global_colors_info=&#8221;{}&#8221;][et_pb_text _builder_version=&#8221;4.27.3&#8243; _module_preset=&#8221;default&#8221; text_font=&#8221;Poppins||||||||&#8221; text_font_size=&#8221;16px&#8221; text_line_height=&#8221;2em&#8221; header_3_font=&#8221;Poppins|800|||||||&#8221; header_3_text_color=&#8221;#000000&#8243; header_3_font_size=&#8221;40px&#8221; custom_padding=&#8221;||||false|false&#8221; global_colors_info=&#8221;{}&#8221;]<\/p>\n<h3>MISI\u00d3N<\/h3>\n<p>Ofrecer a todos las personas alimentos de calidad, ricos y accesibles.<br \/>Trabajando en alianza, di\u00e1logo y compromiso constante con clientes, empleados, proveedores y socios estrat\u00e9gicos.<br \/>Creciendo e innovando en armon\u00eda con la comunidad y el medio ambiente para llegar a la mesa de cada Argentino y hacer de cada momento, un momento para recordar.<\/p>\n<p>[\/et_pb_text][\/et_pb_column][et_pb_column type=&#8221;1_2&#8243; _builder_version=&#8221;4.27.0&#8243; _module_preset=&#8221;default&#8221; global_colors_info=&#8221;{}&#8221;][et_pb_text _builder_version=&#8221;4.27.3&#8243; _module_preset=&#8221;default&#8221; text_font=&#8221;Poppins||||||||&#8221; text_font_size=&#8221;16px&#8221; text_line_height=&#8221;2em&#8221; header_3_font=&#8221;Poppins|800|||||||&#8221; header_3_text_color=&#8221;#000000&#8243; header_3_font_size=&#8221;40px&#8221; custom_padding=&#8221;||||false|false&#8221; global_colors_info=&#8221;{}&#8221;]<\/p>\n<h3>VISI\u00d3N<\/h3>\n<p>Ser reconocida como una de las mayores empresas Argentinas en el rubro alimenticio, l\u00edder en el sector gastron\u00f3mico, retail y franquicias con una estructura flexible, evolutiva y una distribuci\u00f3n alineada a las estrategias de la empresa<\/p>\n<p>[\/et_pb_text][\/et_pb_column][\/et_pb_row][et_pb_row column_structure=&#8221;1_2,1_2&#8243; make_equal=&#8221;on&#8221; _builder_version=&#8221;4.27.0&#8243; _module_preset=&#8221;default&#8221; background_enable_video_mp4=&#8221;off&#8221; width=&#8221;90%&#8221; max_width=&#8221;100%&#8221; custom_padding=&#8221;0vw||0vw||true|false&#8221; border_radii=&#8221;off||||&#8221; border_color_all=&#8221;gcid-2f89c189-a060-41a4-ac50-ca6657ee29a8&#8243; global_colors_info=&#8221;{%22gcid-2f89c189-a060-41a4-ac50-ca6657ee29a8%22:%91%22border_color_all%22%93}&#8221;][et_pb_column type=&#8221;1_2&#8243; _builder_version=&#8221;4.27.0&#8243; _module_preset=&#8221;default&#8221; global_colors_info=&#8221;{}&#8221;][et_pb_divider color=&#8221;#000000&#8243; divider_weight=&#8221;4px&#8221; disabled_on=&#8221;on|on|off&#8221; _builder_version=&#8221;4.27.0&#8243; _module_preset=&#8221;default&#8221; global_colors_info=&#8221;{}&#8221;][\/et_pb_divider][\/et_pb_column][et_pb_column type=&#8221;1_2&#8243; _builder_version=&#8221;4.27.0&#8243; _module_preset=&#8221;default&#8221; global_colors_info=&#8221;{}&#8221;][et_pb_divider color=&#8221;#000000&#8243; divider_weight=&#8221;4px&#8221; _builder_version=&#8221;4.27.0&#8243; _module_preset=&#8221;default&#8221; global_colors_info=&#8221;{}&#8221;][\/et_pb_divider][\/et_pb_column][\/et_pb_row][\/et_pb_section][et_pb_section fb_built=&#8221;1&#8243; _builder_version=&#8221;4.27.0&#8243; _module_preset=&#8221;default&#8221; custom_padding=&#8221;130px||65px|||&#8221; top_divider_color=&#8221;#fcfcfc&#8221; top_divider_height=&#8221;275px&#8221; top_divider_color_tablet=&#8221;#fcfcfc&#8221; top_divider_color_phone=&#8221;#FFFFFF&#8221; top_divider_color_last_edited=&#8221;on|phone&#8221; top_divider_height_tablet=&#8221;275px&#8221; top_divider_height_phone=&#8221;106px&#8221; top_divider_height_last_edited=&#8221;on|phone&#8221; global_colors_info=&#8221;{}&#8221;][et_pb_row column_structure=&#8221;1_3,1_3,1_3&#8243; use_custom_gutter=&#8221;on&#8221; gutter_width=&#8221;2&#8243; make_equal=&#8221;on&#8221; _builder_version=&#8221;4.25.2&#8243; _module_preset=&#8221;default&#8221; width=&#8221;75%&#8221; max_width=&#8221;100%&#8221; custom_padding=&#8221;0px|||||&#8221; global_colors_info=&#8221;{}&#8221;][et_pb_column type=&#8221;1_3&#8243; _builder_version=&#8221;4.25.2&#8243; _module_preset=&#8221;default&#8221; global_colors_info=&#8221;{}&#8221;][et_pb_image src=&#8221;https:\/\/theroxy.com.ar\/wp-content\/uploads\/2024\/06\/Gastronomico-The-Roxy.png&#8221; title_text=&#8221;Gastronomico The Roxy&#8221; disabled_on=&#8221;on|off|off&#8221; _builder_version=&#8221;4.27.2&#8243; _module_preset=&#8221;default&#8221; border_radii=&#8221;off|230px|||&#8221; global_colors_info=&#8221;{}&#8221;][\/et_pb_image][\/et_pb_column][et_pb_column type=&#8221;1_3&#8243; _builder_version=&#8221;4.25.2&#8243; _module_preset=&#8221;default&#8221; global_colors_info=&#8221;{}&#8221;][et_pb_image src=&#8221;https:\/\/theroxy.com.ar\/wp-content\/uploads\/2024\/06\/pancho-pan-premium.png&#8221; title_text=&#8221;pancho pan premium&#8221; _builder_version=&#8221;4.27.2&#8243; _module_preset=&#8221;default&#8221; width=&#8221;60%&#8221; custom_margin=&#8221;3vw|||-3vw|false|false&#8221; scroll_vertical_motion_enable=&#8221;on&#8221; scroll_vertical_motion=&#8221;0|50|50|81|1|0|-1&#8243; sticky_position_tablet=&#8221;&#8221; sticky_position_phone=&#8221;&#8221; sticky_position_last_edited=&#8221;on|phone&#8221; border_radii=&#8221;on|500px|500px|500px|500px&#8221; global_colors_info=&#8221;{}&#8221;][\/et_pb_image][et_pb_image src=&#8221;https:\/\/theroxy.com.ar\/wp-content\/uploads\/2024\/06\/hamburguesa-pan-premium-e1731599416700.png&#8221; title_text=&#8221;hamburguesa pan premium&#8221; _builder_version=&#8221;4.27.3&#8243; _module_preset=&#8221;default&#8221; width=&#8221;60%&#8221; custom_margin=&#8221;-5vw|||5vw|false|false&#8221; border_radii=&#8221;on|500px|500px|500px|500px&#8221; global_colors_info=&#8221;{}&#8221;][\/et_pb_image][et_pb_image src=&#8221;https:\/\/theroxy.com.ar\/wp-content\/uploads\/2024\/11\/Sin-titulo-19.png&#8221; title_text=&#8221;Sin ti\u0301tulo (19)&#8221; _builder_version=&#8221;4.27.3&#8243; _module_preset=&#8221;default&#8221; width=&#8221;60%&#8221; custom_margin=&#8221;-6vw|||-5vw|false|false&#8221; border_radii=&#8221;on|500px|500px|500px|500px&#8221; global_colors_info=&#8221;{}&#8221;][\/et_pb_image][\/et_pb_column][et_pb_column type=&#8221;1_3&#8243; _builder_version=&#8221;4.25.2&#8243; _module_preset=&#8221;default&#8221; global_colors_info=&#8221;{}&#8221;][et_pb_text _builder_version=&#8221;4.25.2&#8243; _module_preset=&#8221;default&#8221; header_2_font=&#8221;Poppins|600|on||||||&#8221; header_2_font_size=&#8221;40px&#8221; custom_margin=&#8221;3vw||||false|false&#8221; global_colors_info=&#8221;{}&#8221;]<\/p>\n<h2>Gastron\u00f3mico<\/h2>\n<p>[\/et_pb_text][et_pb_text _builder_version=&#8221;4.27.0&#8243; _module_preset=&#8221;default&#8221; text_font=&#8221;Poppins||||||||&#8221; text_font_size=&#8221;16px&#8221; header_3_font=&#8221;Poppins|700|on||||||&#8221; custom_margin=&#8221;||||false|false&#8221; global_colors_info=&#8221;{}&#8221;]<\/p>\n<p>Complementamos tu negocio con nuestro mix de productos. <span>Brindamos calidad y precio para que puedas sumar alternativas integrales a tu negocio.<\/span><\/p>\n<p>[\/et_pb_text][et_pb_button button_url=&#8221;https:\/\/theroxy.com.ar\/index.php\/campana\/&#8221; button_text=&#8221;Conocer propuesta&#8221; _builder_version=&#8221;4.27.0&#8243; _module_preset=&#8221;default&#8221; custom_button=&#8221;on&#8221; button_text_size=&#8221;19px&#8221; button_text_color=&#8221;#000000&#8243; button_bg_color=&#8221;gcid-95498ed2-843f-4106-a33a-1e3f30351b44&#8243; button_border_width=&#8221;0px&#8221; button_border_radius=&#8221;0px&#8221; button_font=&#8221;Poppins||||||||&#8221; button_icon=&#8221;&#x24;||divi||400&#8243; custom_margin=&#8221;2vw||||false|false&#8221; global_colors_info=&#8221;{%22gcid-95498ed2-843f-4106-a33a-1e3f30351b44%22:%91%22button_bg_color%22%93}&#8221;][\/et_pb_button][\/et_pb_column][\/et_pb_row][et_pb_row column_structure=&#8221;1_3,1_3,1_3&#8243; use_custom_gutter=&#8221;on&#8221; gutter_width=&#8221;2&#8243; make_equal=&#8221;on&#8221; _builder_version=&#8221;4.25.2&#8243; _module_preset=&#8221;default&#8221; width=&#8221;75%&#8221; max_width=&#8221;100%&#8221; custom_padding=&#8221;125px|||||&#8221; global_colors_info=&#8221;{}&#8221;][et_pb_column type=&#8221;1_3&#8243; _builder_version=&#8221;4.25.2&#8243; _module_preset=&#8221;default&#8221; global_colors_info=&#8221;{}&#8221;][et_pb_text _builder_version=&#8221;4.25.2&#8243; _module_preset=&#8221;default&#8221; header_2_font=&#8221;Poppins|600|on||||||&#8221; header_2_font_size=&#8221;40px&#8221; custom_margin=&#8221;3vw||||false|false&#8221; global_colors_info=&#8221;{}&#8221;]<\/p>\n<h2>Franquicias<\/h2>\n<p>[\/et_pb_text][et_pb_text _builder_version=&#8221;4.27.0&#8243; _module_preset=&#8221;default&#8221; text_font=&#8221;Poppins||||||||&#8221; text_font_size=&#8221;16px&#8221; header_3_font=&#8221;Poppins|700|on||||||&#8221; custom_margin=&#8221;||||false|false&#8221; global_colors_info=&#8221;{}&#8221;]<\/p>\n<p>Tenemos propuestas de inversi\u00f3n adaptadas a lo que est\u00e1s buscando. Trabajamos dos modelos de negocio &#8220;Express&#8221; y &#8220;Franquicia&#8221; para que el\u00edjas seg\u00fan tu perfil emprendedor.\u00a0<\/p>\n<p>[\/et_pb_text][et_pb_button button_url=&#8221;https:\/\/theroxy.com.ar\/index.php\/inversion\/&#8221; button_text=&#8221;Conocer propuesta&#8221; _builder_version=&#8221;4.27.0&#8243; _module_preset=&#8221;default&#8221; custom_button=&#8221;on&#8221; button_text_size=&#8221;19px&#8221; button_text_color=&#8221;#000000&#8243; button_bg_color=&#8221;gcid-95498ed2-843f-4106-a33a-1e3f30351b44&#8243; button_border_width=&#8221;0px&#8221; button_border_radius=&#8221;0px&#8221; button_font=&#8221;Poppins||||||||&#8221; button_icon=&#8221;&#x24;||divi||400&#8243; custom_margin=&#8221;2vw||||false|false&#8221; global_colors_info=&#8221;{%22gcid-95498ed2-843f-4106-a33a-1e3f30351b44%22:%91%22button_bg_color%22%93}&#8221;][\/et_pb_button][\/et_pb_column][et_pb_column type=&#8221;1_3&#8243; _builder_version=&#8221;4.25.2&#8243; _module_preset=&#8221;default&#8221; global_colors_info=&#8221;{}&#8221;][et_pb_image src=&#8221;https:\/\/theroxy.com.ar\/wp-content\/uploads\/2024\/06\/7beeb14f-0a8d-4e59-b49c-c11ff71e3cbc.png&#8221; title_text=&#8221;7beeb14f-0a8d-4e59-b49c-c11ff71e3cbc&#8221; align=&#8221;right&#8221; disabled_on=&#8221;on|off|off&#8221; _builder_version=&#8221;4.27.2&#8243; _module_preset=&#8221;default&#8221; width=&#8221;60%&#8221; custom_margin=&#8221;3vw|-3vw|||false|false&#8221; border_radii=&#8221;on|500px|500px|500px|500px&#8221; global_colors_info=&#8221;{}&#8221;][\/et_pb_image][et_pb_image src=&#8221;https:\/\/theroxy.com.ar\/wp-content\/uploads\/2024\/06\/0c609f35-3e5e-48a8-b178-c4cb55f972a2.png&#8221; title_text=&#8221;0c609f35-3e5e-48a8-b178-c4cb55f972a2&#8243; align=&#8221;right&#8221; _builder_version=&#8221;4.25.2&#8243; _module_preset=&#8221;default&#8221; width=&#8221;60%&#8221; custom_margin=&#8221;3vw|-3vw|||false|false&#8221; border_radii=&#8221;on|500px|500px|500px|500px&#8221; global_colors_info=&#8221;{}&#8221;][\/et_pb_image][\/et_pb_column][et_pb_column type=&#8221;1_3&#8243; _builder_version=&#8221;4.25.2&#8243; _module_preset=&#8221;default&#8221; global_colors_info=&#8221;{}&#8221;][et_pb_image src=&#8221;https:\/\/theroxy.com.ar\/wp-content\/uploads\/2024\/06\/Sin-titulo-3.png&#8221; title_text=&#8221;Sin ti\u0301tulo-3&#8243; disabled_on=&#8221;on|off|off&#8221; _builder_version=&#8221;4.27.2&#8243; _module_preset=&#8221;default&#8221; z_index=&#8221;-1&#8243; width=&#8221;100%&#8221; border_radii=&#8221;off||230px||&#8221; global_colors_info=&#8221;{}&#8221;][\/et_pb_image][\/et_pb_column][\/et_pb_row][\/et_pb_section][et_pb_section fb_built=&#8221;1&#8243; _builder_version=&#8221;4.27.0&#8243; _module_preset=&#8221;default&#8221; custom_padding=&#8221;75px||110px|||&#8221; top_divider_color=&#8221;#fcfcfc&#8221; top_divider_height=&#8221;275px&#8221; top_divider_color_tablet=&#8221;#fcfcfc&#8221; top_divider_color_phone=&#8221;#FFFFFF&#8221; top_divider_color_last_edited=&#8221;on|phone&#8221; top_divider_height_tablet=&#8221;275px&#8221; top_divider_height_phone=&#8221;106px&#8221; top_divider_height_last_edited=&#8221;on|phone&#8221; global_colors_info=&#8221;{}&#8221;][et_pb_row column_structure=&#8221;1_3,1_3,1_3&#8243; use_custom_gutter=&#8221;on&#8221; gutter_width=&#8221;2&#8243; make_equal=&#8221;on&#8221; _builder_version=&#8221;4.25.2&#8243; _module_preset=&#8221;default&#8221; width=&#8221;75%&#8221; max_width=&#8221;100%&#8221; custom_padding=&#8221;0px|||||&#8221; global_colors_info=&#8221;{}&#8221;][et_pb_column type=&#8221;1_3&#8243; _builder_version=&#8221;4.25.2&#8243; _module_preset=&#8221;default&#8221; global_colors_info=&#8221;{}&#8221;][et_pb_image src=&#8221;https:\/\/theroxy.com.ar\/wp-content\/uploads\/2024\/10\/Retail.png&#8221; title_text=&#8221;Retail&#8221; disabled_on=&#8221;on|off|off&#8221; _builder_version=&#8221;4.27.2&#8243; _module_preset=&#8221;default&#8221; border_radii=&#8221;off|230px|||&#8221; global_colors_info=&#8221;{}&#8221;][\/et_pb_image][\/et_pb_column][et_pb_column type=&#8221;1_3&#8243; _builder_version=&#8221;4.25.2&#8243; _module_preset=&#8221;default&#8221; global_colors_info=&#8221;{}&#8221;][et_pb_image src=&#8221;https:\/\/theroxy.com.ar\/wp-content\/uploads\/2024\/10\/Retail-\u2013-2.png&#8221; title_text=&#8221;Retail \u2013 2&#8243; _builder_version=&#8221;4.27.2&#8243; _module_preset=&#8221;default&#8221; width=&#8221;60%&#8221; custom_margin=&#8221;3vw|||-3vw|false|false&#8221; scroll_vertical_motion_enable=&#8221;on&#8221; scroll_vertical_motion=&#8221;0|50|50|81|1|0|-1&#8243; border_radii=&#8221;on|500px|500px|500px|500px&#8221; global_colors_info=&#8221;{}&#8221;][\/et_pb_image][et_pb_image src=&#8221;https:\/\/theroxy.com.ar\/wp-content\/uploads\/2024\/10\/Retail-\u2013-1.png&#8221; title_text=&#8221;Retail \u2013 1&#8243; _builder_version=&#8221;4.27.2&#8243; _module_preset=&#8221;default&#8221; width=&#8221;60%&#8221; custom_margin=&#8221;-5vw|||5vw|false|false&#8221; border_radii=&#8221;on|500px|500px|500px|500px&#8221; global_colors_info=&#8221;{}&#8221;][\/et_pb_image][\/et_pb_column][et_pb_column type=&#8221;1_3&#8243; _builder_version=&#8221;4.25.2&#8243; _module_preset=&#8221;default&#8221; global_colors_info=&#8221;{}&#8221;][et_pb_text _builder_version=&#8221;4.27.0&#8243; _module_preset=&#8221;default&#8221; header_2_font=&#8221;Poppins|600|on||||||&#8221; header_2_font_size=&#8221;40px&#8221; custom_margin=&#8221;3vw||||false|false&#8221; global_colors_info=&#8221;{}&#8221;]<\/p>\n<h2>Retail<\/h2>\n<p>[\/et_pb_text][et_pb_text _builder_version=&#8221;4.27.2&#8243; _module_preset=&#8221;default&#8221; text_font=&#8221;Poppins||||||||&#8221; text_font_size=&#8221;16px&#8221; header_3_font=&#8221;Poppins|700|on||||||&#8221; custom_margin=&#8221;||||false|false&#8221; global_colors_info=&#8221;{}&#8221;]<\/p>\n<p><span>Incorpor\u00e1 nuestros productos en las gondolas y heladeras de tus supermercados, mayoristas, autoservicios y minimercados.<\/span><\/p>\n<p>[\/et_pb_text][et_pb_button button_url=&#8221;https:\/\/theroxy.com.ar\/index.php\/campana\/&#8221; button_text=&#8221;Conocer propuesta&#8221; _builder_version=&#8221;4.27.0&#8243; _module_preset=&#8221;default&#8221; custom_button=&#8221;on&#8221; button_text_size=&#8221;19px&#8221; button_text_color=&#8221;#000000&#8243; button_bg_color=&#8221;gcid-95498ed2-843f-4106-a33a-1e3f30351b44&#8243; button_border_width=&#8221;0px&#8221; button_border_radius=&#8221;0px&#8221; button_font=&#8221;Poppins||||||||&#8221; button_icon=&#8221;&#x24;||divi||400&#8243; custom_margin=&#8221;2vw||||false|false&#8221; global_colors_info=&#8221;{%22gcid-95498ed2-843f-4106-a33a-1e3f30351b44%22:%91%22button_bg_color%22%93}&#8221;][\/et_pb_button][\/et_pb_column][\/et_pb_row][\/et_pb_section]<\/p>\n","protected":false},"excerpt":{"rendered":"<p>\u00a1 Vos ya nos conoc\u00e9s!Somos un proveedor integral Te ofrecemos productos de calidad e insumos que te ayuden a dar una oferta atractiva a tus clientes.MISI\u00d3N Ofrecer a todos las personas alimentos de calidad, ricos y accesibles.Trabajando en alianza, di\u00e1logo y compromiso constante con clientes, empleados, proveedores y socios estrat\u00e9gicos.Creciendo e innovando en armon\u00eda con [&hellip;]<\/p>\n","protected":false},"author":1,"featured_media":0,"parent":0,"menu_order":0,"comment_status":"closed","ping_status":"closed","template":"","meta":{"_et_pb_use_builder":"on","_et_pb_old_content":"<!-- wp:divi\/placeholder \/-->","_et_gb_content_width":"","footnotes":""},"class_list":["post-4978","page","type-page","status-publish","hentry"],"_links":{"self":[{"href":"https:\/\/theroxy.com.ar\/index.php\/wp-json\/wp\/v2\/pages\/4978","targetHints":{"allow":["GET"]}}],"collection":[{"href":"https:\/\/theroxy.com.ar\/index.php\/wp-json\/wp\/v2\/pages"}],"about":[{"href":"https:\/\/theroxy.com.ar\/index.php\/wp-json\/wp\/v2\/types\/page"}],"author":[{"embeddable":true,"href":"https:\/\/theroxy.com.ar\/index.php\/wp-json\/wp\/v2\/users\/1"}],"replies":[{"embeddable":true,"href":"https:\/\/theroxy.com.ar\/index.php\/wp-json\/wp\/v2\/comments?post=4978"}],"version-history":[{"count":40,"href":"https:\/\/theroxy.com.ar\/index.php\/wp-json\/wp\/v2\/pages\/4978\/revisions"}],"predecessor-version":[{"id":6281,"href":"https:\/\/theroxy.com.ar\/index.php\/wp-json\/wp\/v2\/pages\/4978\/revisions\/6281"}],"wp:attachment":[{"href":"https:\/\/theroxy.com.ar\/index.php\/wp-json\/wp\/v2\/media?parent=4978"}],"curies":[{"name":"wp","href":"https:\/\/api.w.org\/{rel}","templated":true}]}}