{"id":5121,"date":"2024-07-11T17:12:47","date_gmt":"2024-07-11T20:12:47","guid":{"rendered":"https:\/\/theroxy.com.ar\/?post_type=product&#038;p=5121"},"modified":"2024-10-03T08:04:12","modified_gmt":"2024-10-03T11:04:12","slug":"medallon-clasico","status":"publish","type":"product","link":"https:\/\/theroxy.com.ar\/index.php\/producto\/medallon-clasico\/","title":{"rendered":"Medall\u00f3n Cl\u00e1sico x2u. 69gr"},"content":{"rendered":"<p>Medall\u00f3n cl\u00e1sico 2 unidades x 69grs<\/p>\n<p>Bulto 30 flow<\/p>\n","protected":false},"excerpt":{"rendered":"<p>Medall\u00f3n cl\u00e1sico 2 unidades x 69grs Bulto 30 flow<\/p>\n","protected":false},"featured_media":6062,"template":"","meta":{"_et_pb_use_builder":"","_et_pb_old_content":"","_et_gb_content_width":""},"product_brand":[],"product_cat":[75,83],"product_tag":[],"class_list":{"0":"post-5121","1":"product","2":"type-product","3":"status-publish","4":"has-post-thumbnail","6":"product_cat-congelados","7":"product_cat-medallones","9":"first","10":"instock","11":"shipping-taxable","12":"product-type-simple"},"_links":{"self":[{"href":"https:\/\/theroxy.com.ar\/index.php\/wp-json\/wp\/v2\/product\/5121","targetHints":{"allow":["GET"]}}],"collection":[{"href":"https:\/\/theroxy.com.ar\/index.php\/wp-json\/wp\/v2\/product"}],"about":[{"href":"https:\/\/theroxy.com.ar\/index.php\/wp-json\/wp\/v2\/types\/product"}],"wp:featuredmedia":[{"embeddable":true,"href":"https:\/\/theroxy.com.ar\/index.php\/wp-json\/wp\/v2\/media\/6062"}],"wp:attachment":[{"href":"https:\/\/theroxy.com.ar\/index.php\/wp-json\/wp\/v2\/media?parent=5121"}],"wp:term":[{"taxonomy":"product_brand","embeddable":true,"href":"https:\/\/theroxy.com.ar\/index.php\/wp-json\/wp\/v2\/product_brand?post=5121"},{"taxonomy":"product_cat","embeddable":true,"href":"https:\/\/theroxy.com.ar\/index.php\/wp-json\/wp\/v2\/product_cat?post=5121"},{"taxonomy":"product_tag","embeddable":true,"href":"https:\/\/theroxy.com.ar\/index.php\/wp-json\/wp\/v2\/product_tag?post=5121"}],"curies":[{"name":"wp","href":"https:\/\/api.w.org\/{rel}","templated":true}]}}